{"id":1603,"date":"2020-05-13T17:08:48","date_gmt":"2020-05-13T15:08:48","guid":{"rendered":"https:\/\/www.gosier-paris.fr\/?page_id=1603"},"modified":"2024-06-03T11:28:09","modified_gmt":"2024-06-03T09:28:09","slug":"infos-pratiques","status":"publish","type":"page","link":"https:\/\/www.gosier-paris.fr\/fr\/infos-pratiques\/","title":{"rendered":"Infos pratiques"},"content":{"rendered":"\t\t<div data-elementor-type=\"wp-page\" data-elementor-id=\"1603\" class=\"elementor elementor-1603\">\n\t\t\t\t\t\t<section class=\"elementor-section elementor-top-section elementor-element elementor-element-da53034 elementor-section-stretched elementor-section-boxed elementor-section-height-default elementor-section-height-default\" data-id=\"da53034\" data-element_type=\"section\" data-e-type=\"section\" data-settings=\"{&quot;background_background&quot;:&quot;classic&quot;,&quot;stretch_section&quot;:&quot;section-stretched&quot;}\">\n\t\t\t\t\t\t<div class=\"elementor-container elementor-column-gap-default\">\n\t\t\t\t\t<div class=\"elementor-column elementor-col-100 elementor-top-column elementor-element elementor-element-e78db02\" data-id=\"e78db02\" data-element_type=\"column\" data-e-type=\"column\">\n\t\t\t<div class=\"elementor-widget-wrap elementor-element-populated\">\n\t\t\t\t\t\t<div class=\"elementor-element elementor-element-2a68230 elementor-widget elementor-widget-spacer\" data-id=\"2a68230\" data-element_type=\"widget\" data-e-type=\"widget\" data-widget_type=\"spacer.default\">\n\t\t\t\t<div class=\"elementor-widget-container\">\n\t\t\t\t\t\t\t<div class=\"elementor-spacer\">\n\t\t\t<div class=\"elementor-spacer-inner\"><\/div>\n\t\t<\/div>\n\t\t\t\t\t\t<\/div>\n\t\t\t\t<\/div>\n\t\t\t\t<section class=\"elementor-section elementor-inner-section elementor-element elementor-element-6b83cca elementor-section-boxed elementor-section-height-default elementor-section-height-default\" data-id=\"6b83cca\" data-element_type=\"section\" data-e-type=\"section\">\n\t\t\t\t\t\t<div class=\"elementor-container elementor-column-gap-default\">\n\t\t\t\t\t<div class=\"elementor-column elementor-col-16 elementor-inner-column elementor-element elementor-element-3e1cbf4\" data-id=\"3e1cbf4\" data-element_type=\"column\" data-e-type=\"column\">\n\t\t\t<div class=\"elementor-widget-wrap\">\n\t\t\t\t\t\t\t<\/div>\n\t\t<\/div>\n\t\t\t\t<div class=\"elementor-column elementor-col-66 elementor-inner-column elementor-element elementor-element-3eb665e\" data-id=\"3eb665e\" data-element_type=\"column\" data-e-type=\"column\">\n\t\t\t<div class=\"elementor-widget-wrap elementor-element-populated\">\n\t\t\t\t\t\t<div class=\"elementor-element elementor-element-e6823f8 elementor-widget elementor-widget-heading\" data-id=\"e6823f8\" data-element_type=\"widget\" data-e-type=\"widget\" data-widget_type=\"heading.default\">\n\t\t\t\t<div class=\"elementor-widget-container\">\n\t\t\t\t\t<h1 class=\"elementor-heading-title elementor-size-default\">infos pratiques<\/h1>\t\t\t\t<\/div>\n\t\t\t\t<\/div>\n\t\t\t\t<div class=\"elementor-element elementor-element-7eb1391 elementor-widget-divider--view-line elementor-widget elementor-widget-divider\" data-id=\"7eb1391\" data-element_type=\"widget\" data-e-type=\"widget\" data-widget_type=\"divider.default\">\n\t\t\t\t<div class=\"elementor-widget-container\">\n\t\t\t\t\t\t\t<div class=\"elementor-divider\">\n\t\t\t<span class=\"elementor-divider-separator\">\n\t\t\t\t\t\t<\/span>\n\t\t<\/div>\n\t\t\t\t\t\t<\/div>\n\t\t\t\t<\/div>\n\t\t\t\t<div class=\"elementor-element elementor-element-76a8a5a elementor-widget elementor-widget-heading\" data-id=\"76a8a5a\" data-element_type=\"widget\" data-e-type=\"widget\" data-widget_type=\"heading.default\">\n\t\t\t\t<div class=\"elementor-widget-container\">\n\t\t\t\t\t<h2 class=\"elementor-heading-title elementor-size-medium\">o\u00f9 ? quand ? comment ?<\/h2>\t\t\t\t<\/div>\n\t\t\t\t<\/div>\n\t\t\t\t\t<\/div>\n\t\t<\/div>\n\t\t\t\t<div class=\"elementor-column elementor-col-16 elementor-inner-column elementor-element elementor-element-a614945\" data-id=\"a614945\" data-element_type=\"column\" data-e-type=\"column\">\n\t\t\t<div class=\"elementor-widget-wrap\">\n\t\t\t\t\t\t\t<\/div>\n\t\t<\/div>\n\t\t\t\t\t<\/div>\n\t\t<\/section>\n\t\t\t\t<div class=\"elementor-element elementor-element-3cadbd7 elementor-widget elementor-widget-spacer\" data-id=\"3cadbd7\" data-element_type=\"widget\" data-e-type=\"widget\" data-widget_type=\"spacer.default\">\n\t\t\t\t<div class=\"elementor-widget-container\">\n\t\t\t\t\t\t\t<div class=\"elementor-spacer\">\n\t\t\t<div class=\"elementor-spacer-inner\"><\/div>\n\t\t<\/div>\n\t\t\t\t\t\t<\/div>\n\t\t\t\t<\/div>\n\t\t\t\t\t<\/div>\n\t\t<\/div>\n\t\t\t\t\t<\/div>\n\t\t<\/section>\n\t\t\t\t<section class=\"elementor-section elementor-top-section elementor-element elementor-element-41f15aa9 elementor-section-stretched elementor-section-full_width elementor-section-height-default elementor-section-height-default\" data-id=\"41f15aa9\" data-element_type=\"section\" data-e-type=\"section\" data-settings=\"{&quot;stretch_section&quot;:&quot;section-stretched&quot;}\">\n\t\t\t\t\t\t<div class=\"elementor-container elementor-column-gap-default\">\n\t\t\t\t\t<div class=\"elementor-column elementor-col-100 elementor-top-column elementor-element elementor-element-16332bb7\" data-id=\"16332bb7\" data-element_type=\"column\" data-e-type=\"column\">\n\t\t\t<div class=\"elementor-widget-wrap elementor-element-populated\">\n\t\t\t\t\t\t<section class=\"elementor-section elementor-inner-section elementor-element elementor-element-6f257e4 elementor-reverse-mobile elementor-section-boxed elementor-section-height-default elementor-section-height-default\" data-id=\"6f257e4\" data-element_type=\"section\" data-e-type=\"section\">\n\t\t\t\t\t\t<div class=\"elementor-container elementor-column-gap-default\">\n\t\t\t\t\t<div class=\"elementor-column elementor-col-50 elementor-inner-column elementor-element elementor-element-52448cbc\" data-id=\"52448cbc\" data-element_type=\"column\" data-e-type=\"column\">\n\t\t\t<div class=\"elementor-widget-wrap elementor-element-populated\">\n\t\t\t\t\t\t<div class=\"elementor-element elementor-element-7debec0 elementor-widget elementor-widget-heading\" data-id=\"7debec0\" data-element_type=\"widget\" data-e-type=\"widget\" data-widget_type=\"heading.default\">\n\t\t\t\t<div class=\"elementor-widget-container\">\n\t\t\t\t\t<h3 class=\"elementor-heading-title elementor-size-default\">Rendez-nous visite<\/h3>\t\t\t\t<\/div>\n\t\t\t\t<\/div>\n\t\t\t\t<div class=\"elementor-element elementor-element-dd98c5 elementor-widget-divider--view-line elementor-widget elementor-widget-divider\" data-id=\"dd98c5\" data-element_type=\"widget\" data-e-type=\"widget\" data-widget_type=\"divider.default\">\n\t\t\t\t<div class=\"elementor-widget-container\">\n\t\t\t\t\t\t\t<div class=\"elementor-divider\">\n\t\t\t<span class=\"elementor-divider-separator\">\n\t\t\t\t\t\t<\/span>\n\t\t<\/div>\n\t\t\t\t\t\t<\/div>\n\t\t\t\t<\/div>\n\t\t\t\t<div class=\"elementor-element elementor-element-3a007fd1 elementor-icon-list--layout-traditional elementor-list-item-link-full_width elementor-widget elementor-widget-icon-list\" data-id=\"3a007fd1\" data-element_type=\"widget\" data-e-type=\"widget\" data-widget_type=\"icon-list.default\">\n\t\t\t\t<div class=\"elementor-widget-container\">\n\t\t\t\t\t\t\t<ul class=\"elementor-icon-list-items\">\n\t\t\t\t\t\t\t<li class=\"elementor-icon-list-item\">\n\t\t\t\t\t\t\t\t\t\t\t<span class=\"elementor-icon-list-icon\">\n\t\t\t\t\t\t\t<i aria-hidden=\"true\" class=\"fas fa-map-marker-alt\"><\/i>\t\t\t\t\t\t<\/span>\n\t\t\t\t\t\t\t\t\t\t<span class=\"elementor-icon-list-text\">27 rue Rodier <br>75009 PARIS<\/span>\n\t\t\t\t\t\t\t\t\t<\/li>\n\t\t\t\t\t\t\t\t<li class=\"elementor-icon-list-item\">\n\t\t\t\t\t\t\t\t\t\t\t<span class=\"elementor-icon-list-icon\">\n\t\t\t\t\t\t\t<i aria-hidden=\"true\" class=\"fas fa-subway\"><\/i>\t\t\t\t\t\t<\/span>\n\t\t\t\t\t\t\t\t\t\t<span class=\"elementor-icon-list-text\">M\u00e9tro 2 - Anvers<br> M\u00e9tro 7 - Poissoni\u00e8re ou Cadet<br>M\u00e9tro 12 - Saint-Georges<\/span>\n\t\t\t\t\t\t\t\t\t<\/li>\n\t\t\t\t\t\t\t\t<li class=\"elementor-icon-list-item\">\n\t\t\t\t\t\t\t\t\t\t\t<span class=\"elementor-icon-list-icon\">\n\t\t\t\t\t\t\t<i aria-hidden=\"true\" class=\"fas fa-bus\"><\/i>\t\t\t\t\t\t<\/span>\n\t\t\t\t\t\t\t\t\t\t<span class=\"elementor-icon-list-text\">Bus 85 - La Tour d'Auvergne <br> Bus 26 et 43  - Maubeuge-Rochechouart <\/span>\n\t\t\t\t\t\t\t\t\t<\/li>\n\t\t\t\t\t\t\t\t<li class=\"elementor-icon-list-item\">\n\t\t\t\t\t\t\t\t\t\t\t<span class=\"elementor-icon-list-icon\">\n\t\t\t\t\t\t\t<i aria-hidden=\"true\" class=\"fas fa-biking\"><\/i>\t\t\t\t\t\t<\/span>\n\t\t\t\t\t\t\t\t\t\t<span class=\"elementor-icon-list-text\">Velib' <br>Station n\u00b09005 - Square Anvers <br>Station n\u00b09006 - Dunkerque-Trudaine<br>Station n\u00b09007 - Condorcet-Trugot<br>Station n\u00b09008 -Tour d'Auvergne-Rodier<\/span>\n\t\t\t\t\t\t\t\t\t<\/li>\n\t\t\t\t\t\t<\/ul>\n\t\t\t\t\t\t<\/div>\n\t\t\t\t<\/div>\n\t\t\t\t<div class=\"elementor-element elementor-element-9cbc421 elementor-widget elementor-widget-heading\" data-id=\"9cbc421\" data-element_type=\"widget\" data-e-type=\"widget\" data-widget_type=\"heading.default\">\n\t\t\t\t<div class=\"elementor-widget-container\">\n\t\t\t\t\t<h3 class=\"elementor-heading-title elementor-size-default\">NOS HORAIRES<\/h3>\t\t\t\t<\/div>\n\t\t\t\t<\/div>\n\t\t\t\t<div class=\"elementor-element elementor-element-bd1be32 elementor-widget-divider--view-line elementor-widget elementor-widget-divider\" data-id=\"bd1be32\" data-element_type=\"widget\" data-e-type=\"widget\" data-widget_type=\"divider.default\">\n\t\t\t\t<div class=\"elementor-widget-container\">\n\t\t\t\t\t\t\t<div class=\"elementor-divider\">\n\t\t\t<span class=\"elementor-divider-separator\">\n\t\t\t\t\t\t<\/span>\n\t\t<\/div>\n\t\t\t\t\t\t<\/div>\n\t\t\t\t<\/div>\n\t\t\t\t<div class=\"elementor-element elementor-element-2dad641 elementor-icon-list--layout-traditional elementor-list-item-link-full_width elementor-widget elementor-widget-icon-list\" data-id=\"2dad641\" data-element_type=\"widget\" data-e-type=\"widget\" data-widget_type=\"icon-list.default\">\n\t\t\t\t<div class=\"elementor-widget-container\">\n\t\t\t\t\t\t\t<ul class=\"elementor-icon-list-items\">\n\t\t\t\t\t\t\t<li class=\"elementor-icon-list-item\">\n\t\t\t\t\t\t\t\t\t\t\t<span class=\"elementor-icon-list-icon\">\n\t\t\t\t\t\t\t<i aria-hidden=\"true\" class=\"far fa-clock\"><\/i>\t\t\t\t\t\t<\/span>\n\t\t\t\t\t\t\t\t\t\t<span class=\"elementor-icon-list-text\"><b>LUNDI<\/b> \u2013 Ferm\u00e9<br><b> MARDI <\/b>\u2013 19h30 \u2013 00h30 <br><b>MERCREDI <\/b>\u2013 19h30 \u2013 00h30 <br><b>JEUDI<\/b> \u2013 19h30 \u2013 00h30 <br><b>VENDREDI <\/b>\u2013 19h00 \u2013 01h30<br><b>SAMEDI <\/b>\u2013 19h00 - 01h30 <br><b>DIMANCHE<\/b>\u2013 11h30 - 14h30<\/span>\n\t\t\t\t\t\t\t\t\t<\/li>\n\t\t\t\t\t\t<\/ul>\n\t\t\t\t\t\t<\/div>\n\t\t\t\t<\/div>\n\t\t\t\t\t<\/div>\n\t\t<\/div>\n\t\t\t\t<div class=\"elementor-column elementor-col-50 elementor-inner-column elementor-element elementor-element-750237c6\" data-id=\"750237c6\" data-element_type=\"column\" data-e-type=\"column\">\n\t\t\t<div class=\"elementor-widget-wrap elementor-element-populated\">\n\t\t\t\t\t\t<div class=\"elementor-element elementor-element-7eda0d21 elementor-widget elementor-widget-google_maps\" data-id=\"7eda0d21\" data-element_type=\"widget\" data-e-type=\"widget\" data-widget_type=\"google_maps.default\">\n\t\t\t\t<div class=\"elementor-widget-container\">\n\t\t\t\t\t\t\t<div class=\"elementor-custom-embed\">\n\t\t\t<iframe loading=\"lazy\"\n\t\t\t\t\tsrc=\"https:\/\/maps.google.com\/maps?q=GOSIER%2027%20rue%20Rodier%2075009%20PARIS&#038;t=m&#038;z=15&#038;output=embed&#038;iwloc=near\"\n\t\t\t\t\ttitle=\"GOSIER 27 rue Rodier 75009 PARIS\"\n\t\t\t\t\taria-label=\"GOSIER 27 rue Rodier 75009 PARIS\"\n\t\t\t><\/iframe>\n\t\t<\/div>\n\t\t\t\t\t\t<\/div>\n\t\t\t\t<\/div>\n\t\t\t\t\t<\/div>\n\t\t<\/div>\n\t\t\t\t\t<\/div>\n\t\t<\/section>\n\t\t\t\t\t<\/div>\n\t\t<\/div>\n\t\t\t\t\t<\/div>\n\t\t<\/section>\n\t\t\t\t<\/div>\n\t\t","protected":false},"excerpt":{"rendered":"<p>infos pratiques o\u00f9 ? quand ? comment ? Rendez-nous visite 27 rue Rodier 75009 PARIS M\u00e9tro 2 &#8211; Anvers M\u00e9tro 7 &#8211; Poissoni\u00e8re ou CadetM\u00e9tro 12 &#8211; Saint-Georges Bus 85 &#8211; La Tour d&rsquo;Auvergne Bus 26 et 43 &#8211; Maubeuge-Rochechouart Velib&rsquo; Station n\u00b09005 &#8211; Square Anvers Station n\u00b09006 &#8211; Dunkerque-TrudaineStation n\u00b09007 &#8211; Condorcet-TrugotStation n\u00b09008 -Tour [&hellip;]<\/p>\n","protected":false},"author":1,"featured_media":0,"parent":0,"menu_order":0,"comment_status":"closed","ping_status":"closed","template":"","meta":{"_acf_changed":false,"_coblocks_attr":"","_coblocks_dimensions":"","_coblocks_responsive_height":"","_coblocks_accordion_ie_support":"","ocean_post_layout":"","ocean_both_sidebars_style":"","ocean_both_sidebars_content_width":0,"ocean_both_sidebars_sidebars_width":0,"ocean_sidebar":"0","ocean_second_sidebar":"0","ocean_disable_margins":"enable","ocean_add_body_class":"","ocean_shortcode_before_top_bar":"","ocean_shortcode_after_top_bar":"","ocean_shortcode_before_header":"","ocean_shortcode_after_header":"","ocean_has_shortcode":"","ocean_shortcode_after_title":"","ocean_shortcode_before_footer_widgets":"","ocean_shortcode_after_footer_widgets":"","ocean_shortcode_before_footer_bottom":"","ocean_shortcode_after_footer_bottom":"","ocean_display_top_bar":"default","ocean_display_header":"default","ocean_header_style":"","ocean_center_header_left_menu":"0","ocean_custom_header_template":"0","ocean_custom_logo":0,"ocean_custom_retina_logo":0,"ocean_custom_logo_max_width":0,"ocean_custom_logo_tablet_max_width":0,"ocean_custom_logo_mobile_max_width":0,"ocean_custom_logo_max_height":0,"ocean_custom_logo_tablet_max_height":0,"ocean_custom_logo_mobile_max_height":0,"ocean_header_custom_menu":"0","ocean_menu_typo_font_family":"0","ocean_menu_typo_font_subset":"","ocean_menu_typo_font_size":0,"ocean_menu_typo_font_size_tablet":0,"ocean_menu_typo_font_size_mobile":0,"ocean_menu_typo_font_size_unit":"px","ocean_menu_typo_font_weight":"","ocean_menu_typo_font_weight_tablet":"","ocean_menu_typo_font_weight_mobile":"","ocean_menu_typo_transform":"","ocean_menu_typo_transform_tablet":"","ocean_menu_typo_transform_mobile":"","ocean_menu_typo_line_height":0,"ocean_menu_typo_line_height_tablet":0,"ocean_menu_typo_line_height_mobile":0,"ocean_menu_typo_line_height_unit":"","ocean_menu_typo_spacing":0,"ocean_menu_typo_spacing_tablet":0,"ocean_menu_typo_spacing_mobile":0,"ocean_menu_typo_spacing_unit":"","ocean_menu_link_color":"","ocean_menu_link_color_hover":"","ocean_menu_link_color_active":"","ocean_menu_link_background":"","ocean_menu_link_hover_background":"","ocean_menu_link_active_background":"","ocean_menu_social_links_bg":"","ocean_menu_social_hover_links_bg":"","ocean_menu_social_links_color":"","ocean_menu_social_hover_links_color":"","ocean_disable_title":"default","ocean_disable_heading":"default","ocean_post_title":"","ocean_post_subheading":"","ocean_post_title_style":"","ocean_post_title_background_color":"","ocean_post_title_background":0,"ocean_post_title_bg_image_position":"","ocean_post_title_bg_image_attachment":"","ocean_post_title_bg_image_repeat":"","ocean_post_title_bg_image_size":"","ocean_post_title_height":0,"ocean_post_title_bg_overlay":0.5,"ocean_post_title_bg_overlay_color":"","ocean_disable_breadcrumbs":"default","ocean_breadcrumbs_color":"","ocean_breadcrumbs_separator_color":"","ocean_breadcrumbs_links_color":"","ocean_breadcrumbs_links_hover_color":"","ocean_display_footer_widgets":"default","ocean_display_footer_bottom":"default","ocean_custom_footer_template":"0","_themeisle_gutenberg_block_has_review":false,"footnotes":""},"class_list":["post-1603","page","type-page","status-publish","hentry","entry"],"acf":[],"yoast_head":"<!-- This site is optimized with the Yoast SEO plugin v27.4 - https:\/\/yoast.com\/product\/yoast-seo-wordpress\/ -->\n<title>GOSIER - Infos pratiques - Adresse\/ Horaires\/ Accessibilit\u00e9<\/title>\n<meta name=\"description\" content=\"Infos pratiques - Comment venir au Gosier ? 27 rue Rodier - M\u00e9tro Anvers - Ouvert le soir du mardi au samedi et le midi du mercredi au vendredi.\" \/>\n<meta name=\"robots\" content=\"index, follow, max-snippet:-1, max-image-preview:large, max-video-preview:-1\" \/>\n<link rel=\"canonical\" href=\"https:\/\/www.gosier-paris.fr\/fr\/infos-pratiques\/\" \/>\n<meta property=\"og:locale\" content=\"fr_FR\" \/>\n<meta property=\"og:type\" content=\"article\" \/>\n<meta property=\"og:title\" content=\"GOSIER - Infos pratiques - Adresse\/ Horaires\/ Accessibilit\u00e9\" \/>\n<meta property=\"og:description\" content=\"Infos pratiques - Comment venir au Gosier ? 27 rue Rodier - M\u00e9tro Anvers - Ouvert le soir du mardi au samedi et le midi du mercredi au vendredi.\" \/>\n<meta property=\"og:url\" content=\"https:\/\/www.gosier-paris.fr\/fr\/infos-pratiques\/\" \/>\n<meta property=\"og:site_name\" content=\"GOSIER\" \/>\n<meta property=\"article:publisher\" content=\"https:\/\/www.facebook.com\/gosierparis\" \/>\n<meta property=\"article:modified_time\" content=\"2024-06-03T09:28:09+00:00\" \/>\n<meta name=\"twitter:card\" content=\"summary_large_image\" \/>\n<meta name=\"twitter:label1\" content=\"Dur\u00e9e de lecture estim\u00e9e\" \/>\n\t<meta name=\"twitter:data1\" content=\"1 minute\" \/>\n<script type=\"application\/ld+json\" class=\"yoast-schema-graph\">{\"@context\":\"https:\\\/\\\/schema.org\",\"@graph\":[{\"@type\":\"WebPage\",\"@id\":\"https:\\\/\\\/www.gosier-paris.fr\\\/infos-pratiques\\\/\",\"url\":\"https:\\\/\\\/www.gosier-paris.fr\\\/infos-pratiques\\\/\",\"name\":\"GOSIER - Infos pratiques - Adresse\\\/ Horaires\\\/ Accessibilit\u00e9\",\"isPartOf\":{\"@id\":\"https:\\\/\\\/www.gosier-paris.fr\\\/fr\\\/#website\"},\"datePublished\":\"2020-05-13T15:08:48+00:00\",\"dateModified\":\"2024-06-03T09:28:09+00:00\",\"description\":\"Infos pratiques - Comment venir au Gosier ? 27 rue Rodier - M\u00e9tro Anvers - Ouvert le soir du mardi au samedi et le midi du mercredi au vendredi.\",\"breadcrumb\":{\"@id\":\"https:\\\/\\\/www.gosier-paris.fr\\\/infos-pratiques\\\/#breadcrumb\"},\"inLanguage\":\"fr-FR\",\"potentialAction\":[{\"@type\":\"ReadAction\",\"target\":[\"https:\\\/\\\/www.gosier-paris.fr\\\/infos-pratiques\\\/\"]}]},{\"@type\":\"BreadcrumbList\",\"@id\":\"https:\\\/\\\/www.gosier-paris.fr\\\/infos-pratiques\\\/#breadcrumb\",\"itemListElement\":[{\"@type\":\"ListItem\",\"position\":1,\"name\":\"Accueil\",\"item\":\"https:\\\/\\\/www.gosier-paris.fr\\\/\"},{\"@type\":\"ListItem\",\"position\":2,\"name\":\"Infos pratiques\"}]},{\"@type\":\"WebSite\",\"@id\":\"https:\\\/\\\/www.gosier-paris.fr\\\/fr\\\/#website\",\"url\":\"https:\\\/\\\/www.gosier-paris.fr\\\/fr\\\/\",\"name\":\"GOSIER\",\"description\":\"\",\"publisher\":{\"@id\":\"https:\\\/\\\/www.gosier-paris.fr\\\/fr\\\/#organization\"},\"potentialAction\":[{\"@type\":\"SearchAction\",\"target\":{\"@type\":\"EntryPoint\",\"urlTemplate\":\"https:\\\/\\\/www.gosier-paris.fr\\\/fr\\\/?s={search_term_string}\"},\"query-input\":{\"@type\":\"PropertyValueSpecification\",\"valueRequired\":true,\"valueName\":\"search_term_string\"}}],\"inLanguage\":\"fr-FR\"},{\"@type\":\"Organization\",\"@id\":\"https:\\\/\\\/www.gosier-paris.fr\\\/fr\\\/#organization\",\"name\":\"GOSIER\",\"url\":\"https:\\\/\\\/www.gosier-paris.fr\\\/fr\\\/\",\"logo\":{\"@type\":\"ImageObject\",\"inLanguage\":\"fr-FR\",\"@id\":\"https:\\\/\\\/www.gosier-paris.fr\\\/fr\\\/#\\\/schema\\\/logo\\\/image\\\/\",\"url\":\"https:\\\/\\\/www.gosier-paris.fr\\\/wp-content\\\/uploads\\\/2020\\\/04\\\/RESTAURANT-1.png\",\"contentUrl\":\"https:\\\/\\\/www.gosier-paris.fr\\\/wp-content\\\/uploads\\\/2020\\\/04\\\/RESTAURANT-1.png\",\"width\":1350,\"height\":650,\"caption\":\"GOSIER\"},\"image\":{\"@id\":\"https:\\\/\\\/www.gosier-paris.fr\\\/fr\\\/#\\\/schema\\\/logo\\\/image\\\/\"},\"sameAs\":[\"https:\\\/\\\/www.facebook.com\\\/gosierparis\",\"https:\\\/\\\/www.instagram.com\\\/gosier.paris\\\/\"]}]}<\/script>\n<!-- \/ Yoast SEO plugin. -->","yoast_head_json":{"title":"GOSIER - Infos pratiques - Adresse\/ Horaires\/ Accessibilit\u00e9","description":"Infos pratiques - Comment venir au Gosier ? 27 rue Rodier - M\u00e9tro Anvers - Ouvert le soir du mardi au samedi et le midi du mercredi au vendredi.","robots":{"index":"index","follow":"follow","max-snippet":"max-snippet:-1","max-image-preview":"max-image-preview:large","max-video-preview":"max-video-preview:-1"},"canonical":"https:\/\/www.gosier-paris.fr\/fr\/infos-pratiques\/","og_locale":"fr_FR","og_type":"article","og_title":"GOSIER - Infos pratiques - Adresse\/ Horaires\/ Accessibilit\u00e9","og_description":"Infos pratiques - Comment venir au Gosier ? 27 rue Rodier - M\u00e9tro Anvers - Ouvert le soir du mardi au samedi et le midi du mercredi au vendredi.","og_url":"https:\/\/www.gosier-paris.fr\/fr\/infos-pratiques\/","og_site_name":"GOSIER","article_publisher":"https:\/\/www.facebook.com\/gosierparis","article_modified_time":"2024-06-03T09:28:09+00:00","twitter_card":"summary_large_image","twitter_misc":{"Dur\u00e9e de lecture estim\u00e9e":"1 minute"},"schema":{"@context":"https:\/\/schema.org","@graph":[{"@type":"WebPage","@id":"https:\/\/www.gosier-paris.fr\/infos-pratiques\/","url":"https:\/\/www.gosier-paris.fr\/infos-pratiques\/","name":"GOSIER - Infos pratiques - Adresse\/ Horaires\/ Accessibilit\u00e9","isPartOf":{"@id":"https:\/\/www.gosier-paris.fr\/fr\/#website"},"datePublished":"2020-05-13T15:08:48+00:00","dateModified":"2024-06-03T09:28:09+00:00","description":"Infos pratiques - Comment venir au Gosier ? 27 rue Rodier - M\u00e9tro Anvers - Ouvert le soir du mardi au samedi et le midi du mercredi au vendredi.","breadcrumb":{"@id":"https:\/\/www.gosier-paris.fr\/infos-pratiques\/#breadcrumb"},"inLanguage":"fr-FR","potentialAction":[{"@type":"ReadAction","target":["https:\/\/www.gosier-paris.fr\/infos-pratiques\/"]}]},{"@type":"BreadcrumbList","@id":"https:\/\/www.gosier-paris.fr\/infos-pratiques\/#breadcrumb","itemListElement":[{"@type":"ListItem","position":1,"name":"Accueil","item":"https:\/\/www.gosier-paris.fr\/"},{"@type":"ListItem","position":2,"name":"Infos pratiques"}]},{"@type":"WebSite","@id":"https:\/\/www.gosier-paris.fr\/fr\/#website","url":"https:\/\/www.gosier-paris.fr\/fr\/","name":"GOSIER","description":"","publisher":{"@id":"https:\/\/www.gosier-paris.fr\/fr\/#organization"},"potentialAction":[{"@type":"SearchAction","target":{"@type":"EntryPoint","urlTemplate":"https:\/\/www.gosier-paris.fr\/fr\/?s={search_term_string}"},"query-input":{"@type":"PropertyValueSpecification","valueRequired":true,"valueName":"search_term_string"}}],"inLanguage":"fr-FR"},{"@type":"Organization","@id":"https:\/\/www.gosier-paris.fr\/fr\/#organization","name":"GOSIER","url":"https:\/\/www.gosier-paris.fr\/fr\/","logo":{"@type":"ImageObject","inLanguage":"fr-FR","@id":"https:\/\/www.gosier-paris.fr\/fr\/#\/schema\/logo\/image\/","url":"https:\/\/www.gosier-paris.fr\/wp-content\/uploads\/2020\/04\/RESTAURANT-1.png","contentUrl":"https:\/\/www.gosier-paris.fr\/wp-content\/uploads\/2020\/04\/RESTAURANT-1.png","width":1350,"height":650,"caption":"GOSIER"},"image":{"@id":"https:\/\/www.gosier-paris.fr\/fr\/#\/schema\/logo\/image\/"},"sameAs":["https:\/\/www.facebook.com\/gosierparis","https:\/\/www.instagram.com\/gosier.paris\/"]}]}},"_links":{"self":[{"href":"https:\/\/www.gosier-paris.fr\/fr\/wp-json\/wp\/v2\/pages\/1603","targetHints":{"allow":["GET"]}}],"collection":[{"href":"https:\/\/www.gosier-paris.fr\/fr\/wp-json\/wp\/v2\/pages"}],"about":[{"href":"https:\/\/www.gosier-paris.fr\/fr\/wp-json\/wp\/v2\/types\/page"}],"author":[{"embeddable":true,"href":"https:\/\/www.gosier-paris.fr\/fr\/wp-json\/wp\/v2\/users\/1"}],"replies":[{"embeddable":true,"href":"https:\/\/www.gosier-paris.fr\/fr\/wp-json\/wp\/v2\/comments?post=1603"}],"version-history":[{"count":103,"href":"https:\/\/www.gosier-paris.fr\/fr\/wp-json\/wp\/v2\/pages\/1603\/revisions"}],"predecessor-version":[{"id":15018,"href":"https:\/\/www.gosier-paris.fr\/fr\/wp-json\/wp\/v2\/pages\/1603\/revisions\/15018"}],"wp:attachment":[{"href":"https:\/\/www.gosier-paris.fr\/fr\/wp-json\/wp\/v2\/media?parent=1603"}],"curies":[{"name":"wp","href":"https:\/\/api.w.org\/{rel}","templated":true}]}}