{"id":143,"date":"2020-03-26T19:33:27","date_gmt":"2020-03-26T17:33:27","guid":{"rendered":"https:\/\/www.gosier-paris.fr\/?page_id=143"},"modified":"2024-09-17T18:49:13","modified_gmt":"2024-09-17T16:49:13","slug":"reservation","status":"publish","type":"page","link":"https:\/\/www.gosier-paris.fr\/fr\/reservation\/","title":{"rendered":"R\u00e9servation"},"content":{"rendered":"\t\t<div data-elementor-type=\"wp-page\" data-elementor-id=\"143\" class=\"elementor elementor-143\">\n\t\t\t\t\t\t<section class=\"elementor-section elementor-top-section elementor-element elementor-element-c49089e elementor-section-stretched elementor-section-boxed elementor-section-height-default elementor-section-height-default\" data-id=\"c49089e\" data-element_type=\"section\" data-e-type=\"section\" data-settings=\"{&quot;stretch_section&quot;:&quot;section-stretched&quot;,&quot;background_background&quot;:&quot;classic&quot;}\">\n\t\t\t\t\t\t<div class=\"elementor-container elementor-column-gap-default\">\n\t\t\t\t\t<div class=\"elementor-column elementor-col-100 elementor-top-column elementor-element elementor-element-9bf0259\" data-id=\"9bf0259\" data-element_type=\"column\" data-e-type=\"column\">\n\t\t\t<div class=\"elementor-widget-wrap elementor-element-populated\">\n\t\t\t\t\t\t<div class=\"elementor-element elementor-element-0d7231d elementor-widget elementor-widget-spacer\" data-id=\"0d7231d\" data-element_type=\"widget\" data-e-type=\"widget\" data-widget_type=\"spacer.default\">\n\t\t\t\t<div class=\"elementor-widget-container\">\n\t\t\t\t\t\t\t<div class=\"elementor-spacer\">\n\t\t\t<div class=\"elementor-spacer-inner\"><\/div>\n\t\t<\/div>\n\t\t\t\t\t\t<\/div>\n\t\t\t\t<\/div>\n\t\t\t\t<div class=\"elementor-element elementor-element-56bdd6b elementor-widget elementor-widget-heading\" data-id=\"56bdd6b\" data-element_type=\"widget\" data-e-type=\"widget\" data-widget_type=\"heading.default\">\n\t\t\t\t<div class=\"elementor-widget-container\">\n\t\t\t\t\t<h2 class=\"elementor-heading-title elementor-size-default\">R\u00e9servez votre table au Gosier<\/h2>\t\t\t\t<\/div>\n\t\t\t\t<\/div>\n\t\t\t\t<div class=\"elementor-element elementor-element-64483ae elementor-widget-divider--view-line elementor-widget elementor-widget-divider\" data-id=\"64483ae\" data-element_type=\"widget\" data-e-type=\"widget\" data-widget_type=\"divider.default\">\n\t\t\t\t<div class=\"elementor-widget-container\">\n\t\t\t\t\t\t\t<div class=\"elementor-divider\">\n\t\t\t<span class=\"elementor-divider-separator\">\n\t\t\t\t\t\t<\/span>\n\t\t<\/div>\n\t\t\t\t\t\t<\/div>\n\t\t\t\t<\/div>\n\t\t\t\t<div class=\"elementor-element elementor-element-76717d7 elementor-widget elementor-widget-text-editor\" data-id=\"76717d7\" data-element_type=\"widget\" data-e-type=\"widget\" data-widget_type=\"text-editor.default\">\n\t\t\t\t<div class=\"elementor-widget-container\">\n\t\t\t\t\t\t\t\t\t<p>Les demandes de r\u00e9servations r\u00e9alis\u00e9es dans le module ci-dessous peuvent \u00eatre effectu\u00e9es 24h avant la date souhait\u00e9e. Si votre demande concerne la date du jour demandez les disponibilit\u00e9s par t\u00e9l\u00e9phone.<\/p>\t\t\t\t\t\t\t\t<\/div>\n\t\t\t\t<\/div>\n\t\t\t\t\t<\/div>\n\t\t<\/div>\n\t\t\t\t\t<\/div>\n\t\t<\/section>\n\t\t\t\t<section class=\"elementor-section elementor-top-section elementor-element elementor-element-d41e9cb elementor-section-stretched elementor-section-content-middle elementor-section-boxed elementor-section-height-default elementor-section-height-default\" data-id=\"d41e9cb\" data-element_type=\"section\" data-e-type=\"section\" data-settings=\"{&quot;stretch_section&quot;:&quot;section-stretched&quot;,&quot;background_background&quot;:&quot;classic&quot;}\">\n\t\t\t\t\t\t<div class=\"elementor-container elementor-column-gap-default\">\n\t\t\t\t\t<div class=\"elementor-column elementor-col-100 elementor-top-column elementor-element elementor-element-2171eb1\" data-id=\"2171eb1\" data-element_type=\"column\" data-e-type=\"column\" data-settings=\"{&quot;background_background&quot;:&quot;classic&quot;}\">\n\t\t\t<div class=\"elementor-widget-wrap elementor-element-populated\">\n\t\t\t\t\t\t<section class=\"elementor-section elementor-inner-section elementor-element elementor-element-649f792 elementor-section-boxed elementor-section-height-default elementor-section-height-default\" data-id=\"649f792\" data-element_type=\"section\" data-e-type=\"section\">\n\t\t\t\t\t\t<div class=\"elementor-container elementor-column-gap-default\">\n\t\t\t\t\t<div class=\"elementor-column elementor-col-50 elementor-inner-column elementor-element elementor-element-38ff0ef\" data-id=\"38ff0ef\" data-element_type=\"column\" data-e-type=\"column\">\n\t\t\t<div class=\"elementor-widget-wrap elementor-element-populated\">\n\t\t\t\t\t\t<div class=\"elementor-element elementor-element-d23a9db elementor-view-default elementor-position-block-start elementor-mobile-position-block-start elementor-widget elementor-widget-icon-box\" data-id=\"d23a9db\" data-element_type=\"widget\" data-e-type=\"widget\" data-widget_type=\"icon-box.default\">\n\t\t\t\t<div class=\"elementor-widget-container\">\n\t\t\t\t\t\t\t<div class=\"elementor-icon-box-wrapper\">\n\n\t\t\t\t\t\t<div class=\"elementor-icon-box-icon\">\n\t\t\t\t<a href=\"#contact\" class=\"elementor-icon\" tabindex=\"-1\" aria-label=\"R\u00e9servation instantan\u00e9e\">\n\t\t\t\t<i aria-hidden=\"true\" class=\"fas fa-phone\"><\/i>\t\t\t\t<\/a>\n\t\t\t<\/div>\n\t\t\t\n\t\t\t\t\t\t<div class=\"elementor-icon-box-content\">\n\n\t\t\t\t\t\t\t\t\t<h3 class=\"elementor-icon-box-title\">\n\t\t\t\t\t\t<a href=\"#contact\" >\n\t\t\t\t\t\t\tR\u00e9servation instantan\u00e9e\t\t\t\t\t\t<\/a>\n\t\t\t\t\t<\/h3>\n\t\t\t\t\n\t\t\t\t\t\t\t\t\t<p class=\"elementor-icon-box-description\">\n\t\t\t\t\t\tPour toute demande de r\u00e9servation pour le jour m\u00eame appelez-nous directement.<br><b> <a href=\"tel:+33171976077\">+33 1 71 97 60 77<\/a><\/b> <br>\n<br>\t\t\t\t\t<\/p>\n\t\t\t\t\n\t\t\t<\/div>\n\t\t\t\n\t\t<\/div>\n\t\t\t\t\t\t<\/div>\n\t\t\t\t<\/div>\n\t\t\t\t\t<\/div>\n\t\t<\/div>\n\t\t\t\t<div class=\"elementor-column elementor-col-50 elementor-inner-column elementor-element elementor-element-b1110bd\" data-id=\"b1110bd\" data-element_type=\"column\" data-e-type=\"column\">\n\t\t\t<div class=\"elementor-widget-wrap elementor-element-populated\">\n\t\t\t\t\t\t<div class=\"elementor-element elementor-element-4e000c1 elementor-view-default elementor-position-block-start elementor-mobile-position-block-start elementor-widget elementor-widget-icon-box\" data-id=\"4e000c1\" data-element_type=\"widget\" data-e-type=\"widget\" data-widget_type=\"icon-box.default\">\n\t\t\t\t<div class=\"elementor-widget-container\">\n\t\t\t\t\t\t\t<div class=\"elementor-icon-box-wrapper\">\n\n\t\t\t\t\t\t<div class=\"elementor-icon-box-icon\">\n\t\t\t\t<a href=\"mailto:contact@gosier-paris.fr\" class=\"elementor-icon\" tabindex=\"-1\" aria-label=\"Privatisation\">\n\t\t\t\t<i aria-hidden=\"true\" class=\"far fa-envelope\"><\/i>\t\t\t\t<\/a>\n\t\t\t<\/div>\n\t\t\t\n\t\t\t\t\t\t<div class=\"elementor-icon-box-content\">\n\n\t\t\t\t\t\t\t\t\t<h3 class=\"elementor-icon-box-title\">\n\t\t\t\t\t\t<a href=\"mailto:contact@gosier-paris.fr\" >\n\t\t\t\t\t\t\tPrivatisation\t\t\t\t\t\t<\/a>\n\t\t\t\t\t<\/h3>\n\t\t\t\t\n\t\t\t\t\t\t\t\t\t<p class=\"elementor-icon-box-description\">\n\t\t\t\t\t\tPour toute demande de privatisation envoyer directement un mail en pr\u00e9cisant la date et le nombre de personnes.<br>\n<b><a href=\"mailto:contact@gosier-paris.fr\">contact@gosier-paris.fr<\/a><\/b>\t\t\t\t\t<\/p>\n\t\t\t\t\n\t\t\t<\/div>\n\t\t\t\n\t\t<\/div>\n\t\t\t\t\t\t<\/div>\n\t\t\t\t<\/div>\n\t\t\t\t\t<\/div>\n\t\t<\/div>\n\t\t\t\t\t<\/div>\n\t\t<\/section>\n\t\t\t\t\t<\/div>\n\t\t<\/div>\n\t\t\t\t\t<\/div>\n\t\t<\/section>\n\t\t\t\t<section class=\"elementor-section elementor-top-section elementor-element elementor-element-2bd1df6 elementor-section-stretched elementor-section-boxed elementor-section-height-default elementor-section-height-default\" data-id=\"2bd1df6\" data-element_type=\"section\" data-e-type=\"section\" data-settings=\"{&quot;stretch_section&quot;:&quot;section-stretched&quot;}\">\n\t\t\t\t\t\t<div class=\"elementor-container elementor-column-gap-default\">\n\t\t\t\t\t<div class=\"elementor-column elementor-col-100 elementor-top-column elementor-element elementor-element-30a89e2\" data-id=\"30a89e2\" data-element_type=\"column\" data-e-type=\"column\">\n\t\t\t<div class=\"elementor-widget-wrap elementor-element-populated\">\n\t\t\t\t\t\t<div class=\"elementor-element elementor-element-d2b2e25 elementor-widget elementor-widget-shortcode\" data-id=\"d2b2e25\" data-element_type=\"widget\" data-e-type=\"widget\" data-widget_type=\"shortcode.default\">\n\t\t\t\t<div class=\"elementor-widget-container\">\n\t\t\t\t\t\t\t<div class=\"elementor-shortcode\">\n\t<script type=\"text\/javascript\">\n        var ajaxurl = 'https:\/\/www.gosier-paris.fr\/wp-admin\/admin-ajax.php';\n    <\/script>\n\n    <style>#rtb-time_root .picker__list .picker__list-item.picker__list-item--disabled { display: none; }.rtb-booking-form fieldset legend { font-size: 20px !important; }.rtb-booking-form form button { background-color: #444444 !important; border-color: #444444 !important; padding: 13px 28px !important; }.rtb-modification-toggle { background-color: #ffffff !important; }.rtb-modification-toggle { color: #000000 !important; }.rtb-modification-toggle:hover { color: #d8c0a8 !important; }<\/style>\n    \n<div class=\"rtb-booking-form\">\n\t\n\t\t\t<div class=\"rtb-modification-toggle\">\n\t\t\tVous souhaitez modifier votre r\u00e9servation ? Cliquez ici !\t\t<\/div>\n\t\t<div class=\"rtb-clear\"><\/div>\n\t\t<form class=\"rtb-modification-form rtb-hidden\">\n\t\t\t<div>\n\t\t\t\tUtiliser le formulaire ci-dessous pour modifier votre r\u00e9servation. Si vous souhaitez modifier l&#039;heure, la date ou le nombre de personnes vous devez annuler votre r\u00e9servation et en effecuer une nouvelle.\t\t\t<\/div>\n\t\t\t<label for=\"rtb_modification_email\">\n\t\t\t\tMail utilis\u00e9 pour la r\u00e9servation :\t\t\t\t<input type=\"email\" name=\"rtb_modification_email\">\n\t\t\t<\/label>\n\t\t\t\t\t\t\t<label for=\"rtb_modification_code\">\n\t\t\t\t\tModification Code:\t\t\t\t\t<input type=\"text\" name=\"rtb_modification_code\">\n\t\t\t\t<\/label>\n\t\t\t\t\t\t<div class=\"rtb-find-reservation-button-div\">\n\t\t\t\t<div class=\"rtb-find-reservation-button\">\n\t\t\t\t\tTrouver ma r\u00e9servation\t\t\t\t<\/div>\n\t\t\t<\/div>\n\t\t\t<div class=\"rtb-bookings-results\"><\/div>\n\t\t<\/form>\n\t\n\t\n\t\n\t<form method=\"POST\" action=\"https:\/\/www.gosier-paris.fr\/fr\/reservation\/\" class=\"rtb-booking-form-form\">\n\t\t<input type=\"hidden\" name=\"action\" value=\"booking_request\">\n\n\t\t\n\t\t\n\t\t\n\t\t\t\t<fieldset class=\"reservation\">\n\n\t\t\t\t\t\t<legend >\n\t\t\t\tR\u00e9server une table\t\t\t<\/legend>\n\t\t\t\n\t\t\t\n\t<div class=\"rtb-text date\">\n\t\t\t\t<label for=\"rtb-date\">\n\t\t\tDate\t\t<\/label>\n\t\t<input type=\"text\" name=\"rtb-date\" id=\"rtb-date\" value=\"\" required aria-required=\"true\">\n\t<\/div>\n\n\t\n\t<div class=\"rtb-text time\">\n\t\t\t\t<label for=\"rtb-time\">\n\t\t\tHeure\t\t<\/label>\n\t\t<input type=\"text\" name=\"rtb-time\" id=\"rtb-time\" value=\"\" required aria-required=\"true\">\n\t<\/div>\n\n\t\n\t<div class=\"rtb-select party\">\n\t\t\t\t<label for=\"rtb-party\">\n\t\t\tNombre de personne(s)\t\t<\/label>\n\t\t<select name=\"rtb-party\" id=\"rtb-party\" required aria-required=\"true\"  data-selected=\"\">\n\t\t\t\t\t\t\t\t\t<option value=\"0\" ><\/option>\n\t\t\t\t\t\t<option value=\"1\" >1<\/option>\n\t\t\t\t\t\t<option value=\"2\" >2<\/option>\n\t\t\t\t\t\t<option value=\"3\" >3<\/option>\n\t\t\t\t\t\t<option value=\"4\" >4<\/option>\n\t\t\t\t\t\t<option value=\"5\" >5<\/option>\n\t\t\t\t\t\t<option value=\"6\" >6<\/option>\n\t\t\t\t\t<\/select>\n\t<\/div>\n\n\t\t\t<\/fieldset>\n\t\t\t\t<fieldset class=\"rtb-contact\">\n\n\t\t\t\t\t\t<legend >\n\t\t\t\tCoordonn\u00e9es\t\t\t<\/legend>\n\t\t\t\n\t\t\t\n\t<div class=\"rtb-select civilie\">\n\t\t\t\t<label for=\"rtb-civilie\">\n\t\t\tCivilit\u00e9\t\t<\/label>\n\t\t<select name=\"rtb-civilie\" id=\"rtb-civilie\" required aria-required=\"true\"  data-selected=\"\">\n\t\t\t\t\t\t\t\t\t<option value=\"0\" >Monsieur<\/option>\n\t\t\t\t\t\t<option value=\"1\" >Madame<\/option>\n\t\t\t\t\t<\/select>\n\t<\/div>\n\n\t\n\t<div class=\"rtb-text name\">\n\t\t\t\t<label for=\"rtb-name\">\n\t\t\tNom\t\t<\/label>\n\t\t<input type=\"text\" name=\"rtb-name\" id=\"rtb-name\" value=\"\" required aria-required=\"true\">\n\t<\/div>\n\n\t\n\t<div class=\"rtb-text prenom\">\n\t\t\t\t<label for=\"rtb-prenom\">\n\t\t\tPr\u00e9nom\t\t<\/label>\n\t\t<input type=\"text\" name=\"rtb-prenom\" id=\"rtb-prenom\" value=\"\" required aria-required=\"true\">\n\t<\/div>\n\n\t\n\t<div class=\"rtb-text email\">\n\t\t\t\t<label for=\"rtb-email\">\n\t\t\tAdresse de messagerie\t\t<\/label>\n\t\t<input type=\"email\" name=\"rtb-email\" id=\"rtb-email\" value=\"\" required aria-required=\"true\">\n\t<\/div>\n\n\t\n\t<div class=\"rtb-text indicatif-telephonique\">\n\t\t\t\t<label for=\"rtb-indicatif-telephonique\">\n\t\t\tIndicatif telephonique\t\t<\/label>\n\t\t<input type=\"text\" name=\"rtb-indicatif-telephonique\" id=\"rtb-indicatif-telephonique\" value=\"\" required aria-required=\"true\">\n\t<\/div>\n\n\t\n\t<div class=\"rtb-text phone\">\n\t\t\t\t<label for=\"rtb-phone\">\n\t\t\tT\u00e9l\u00e9phone\t\t<\/label>\n\t\t<input type=\"tel\" name=\"rtb-phone\" id=\"rtb-phone\" value=\"\">\n\t<\/div>\n\n\t\n\t<div class=\"add-message\">\n\t\t<a href=\"#\">\n\t\t\tAjouter un message\t\t<\/a>\n\t<\/div>\n\n\t\n\t<div class=\"rtb-textarea message\">\n\t\t\t\t<label for=\"rtb-message\">\n\t\t\tMessage\t\t<\/label>\n\t\t<textarea name=\"rtb-message\" id=\"rtb-message\"><\/textarea>\n\t<\/div>\n\n\t\t\t<\/fieldset>\n\t\t\t\t<fieldset class=\"consent\">\n\n\t\t\t\n\t\t\t\n\t<div class=\"rtb-confirm consent-statement\">\n\t\t\t\t<label for=\"rtb-consent-statement\">\n\t\t\t<input type=\"checkbox\" name=\"rtb-consent-statement\" id=\"rtb-consent-statement\" value=\"1\"  required aria-required=\"true\">\n\t\t\tJ&#039;accepte que mes donn\u00e9es soient utilis\u00e9es lors de ma r\u00e9servation. <a href=\"https:\/\/www.gosier-paris.fr\/fr\/politique-de-confidentialite\/\">Politique de confidentialit\u00e9 &#038; mentions l\u00e9gales<\/a>\t\t<\/label>\n\t<\/div>\n\n\t\t\t<\/fieldset>\n\t\t\n\t\t\n\t\t<fieldset class=\"rtb-form-footer\">\n\t\t\t<div id='rtb_recaptcha'><\/div>\n\t\t\t\n\t\t\t<div class=\"rtb-form-submit\"><button type=\"submit\">Demande de r\u00e9servation<\/button><\/div>\t\t<\/fieldset>\n\n\n\t<\/form>\n\n\t\n\t\n\t<\/div>\n\n\t<\/div>\n\t\t\t\t\t\t<\/div>\n\t\t\t\t<\/div>\n\t\t\t\t\t<\/div>\n\t\t<\/div>\n\t\t\t\t\t<\/div>\n\t\t<\/section>\n\t\t\t\t<section class=\"elementor-section elementor-top-section elementor-element elementor-element-66e4def elementor-section-boxed elementor-section-height-default elementor-section-height-default\" data-id=\"66e4def\" data-element_type=\"section\" data-e-type=\"section\">\n\t\t\t\t\t\t<div class=\"elementor-container elementor-column-gap-default\">\n\t\t\t\t\t<div class=\"elementor-column elementor-col-100 elementor-top-column elementor-element elementor-element-ea06f38\" data-id=\"ea06f38\" data-element_type=\"column\" data-e-type=\"column\">\n\t\t\t<div class=\"elementor-widget-wrap\">\n\t\t\t\t\t\t\t<\/div>\n\t\t<\/div>\n\t\t\t\t\t<\/div>\n\t\t<\/section>\n\t\t\t\t<\/div>\n\t\t","protected":false},"excerpt":{"rendered":"<p>R\u00e9servez votre table au Gosier Les demandes de r\u00e9servations r\u00e9alis\u00e9es dans le module ci-dessous peuvent \u00eatre effectu\u00e9es 24h avant la date souhait\u00e9e. Si votre demande concerne la date du jour demandez les disponibilit\u00e9s par t\u00e9l\u00e9phone. R\u00e9servation instantan\u00e9e Pour toute demande de r\u00e9servation pour le jour m\u00eame appelez-nous directement. +33 1 71 97 60 77 Privatisation [&hellip;]<\/p>\n","protected":false},"author":1,"featured_media":0,"parent":0,"menu_order":0,"comment_status":"closed","ping_status":"closed","template":"","meta":{"_acf_changed":false,"_coblocks_attr":"","_coblocks_dimensions":"","_coblocks_responsive_height":"{\"coblocks-shape-divider-415142842171\":{\"shapeHeight\":{\"height\":65}}}","_coblocks_accordion_ie_support":"","ocean_post_layout":"","ocean_both_sidebars_style":"","ocean_both_sidebars_content_width":0,"ocean_both_sidebars_sidebars_width":0,"ocean_sidebar":"0","ocean_second_sidebar":"0","ocean_disable_margins":"enable","ocean_add_body_class":"","ocean_shortcode_before_top_bar":"","ocean_shortcode_after_top_bar":"","ocean_shortcode_before_header":"","ocean_shortcode_after_header":"","ocean_has_shortcode":"","ocean_shortcode_after_title":"","ocean_shortcode_before_footer_widgets":"","ocean_shortcode_after_footer_widgets":"","ocean_shortcode_before_footer_bottom":"","ocean_shortcode_after_footer_bottom":"","ocean_display_top_bar":"default","ocean_display_header":"default","ocean_header_style":"","ocean_center_header_left_menu":"0","ocean_custom_header_template":"0","ocean_custom_logo":0,"ocean_custom_retina_logo":0,"ocean_custom_logo_max_width":0,"ocean_custom_logo_tablet_max_width":0,"ocean_custom_logo_mobile_max_width":0,"ocean_custom_logo_max_height":0,"ocean_custom_logo_tablet_max_height":0,"ocean_custom_logo_mobile_max_height":0,"ocean_header_custom_menu":"0","ocean_menu_typo_font_family":"0","ocean_menu_typo_font_subset":"","ocean_menu_typo_font_size":0,"ocean_menu_typo_font_size_tablet":0,"ocean_menu_typo_font_size_mobile":0,"ocean_menu_typo_font_size_unit":"px","ocean_menu_typo_font_weight":"","ocean_menu_typo_font_weight_tablet":"","ocean_menu_typo_font_weight_mobile":"","ocean_menu_typo_transform":"","ocean_menu_typo_transform_tablet":"","ocean_menu_typo_transform_mobile":"","ocean_menu_typo_line_height":0,"ocean_menu_typo_line_height_tablet":0,"ocean_menu_typo_line_height_mobile":0,"ocean_menu_typo_line_height_unit":"","ocean_menu_typo_spacing":0,"ocean_menu_typo_spacing_tablet":0,"ocean_menu_typo_spacing_mobile":0,"ocean_menu_typo_spacing_unit":"","ocean_menu_link_color":"","ocean_menu_link_color_hover":"","ocean_menu_link_color_active":"","ocean_menu_link_background":"","ocean_menu_link_hover_background":"","ocean_menu_link_active_background":"","ocean_menu_social_links_bg":"","ocean_menu_social_hover_links_bg":"","ocean_menu_social_links_color":"","ocean_menu_social_hover_links_color":"","ocean_disable_title":"default","ocean_disable_heading":"default","ocean_post_title":"","ocean_post_subheading":"","ocean_post_title_style":"","ocean_post_title_background_color":"","ocean_post_title_background":0,"ocean_post_title_bg_image_position":"","ocean_post_title_bg_image_attachment":"","ocean_post_title_bg_image_repeat":"","ocean_post_title_bg_image_size":"","ocean_post_title_height":0,"ocean_post_title_bg_overlay":0.5,"ocean_post_title_bg_overlay_color":"","ocean_disable_breadcrumbs":"default","ocean_breadcrumbs_color":"","ocean_breadcrumbs_separator_color":"","ocean_breadcrumbs_links_color":"","ocean_breadcrumbs_links_hover_color":"","ocean_display_footer_widgets":"default","ocean_display_footer_bottom":"default","ocean_custom_footer_template":"0","_themeisle_gutenberg_block_has_review":false,"footnotes":""},"class_list":["post-143","page","type-page","status-publish","hentry","entry"],"acf":[],"yoast_head":"<!-- This site is optimized with the Yoast SEO plugin v27.4 - https:\/\/yoast.com\/product\/yoast-seo-wordpress\/ -->\n<title>GOSIER - Demande de R\u00e9servation \/ Booking Table<\/title>\n<meta name=\"description\" content=\"Demande de r\u00e9servation. Choississez le moment id\u00e9al pour venir d\u00e9guster nos petits plats faits maison avec toujours des produits de saison.\" \/>\n<meta name=\"robots\" content=\"index, follow, max-snippet:-1, max-image-preview:large, max-video-preview:-1\" \/>\n<link rel=\"canonical\" href=\"https:\/\/www.gosier-paris.fr\/fr\/reservation\/\" \/>\n<meta property=\"og:locale\" content=\"fr_FR\" \/>\n<meta property=\"og:type\" content=\"article\" \/>\n<meta property=\"og:title\" content=\"GOSIER - Demande de R\u00e9servation \/ Booking Table\" \/>\n<meta property=\"og:description\" content=\"Demande de r\u00e9servation. Choississez le moment id\u00e9al pour venir d\u00e9guster nos petits plats faits maison avec toujours des produits de saison.\" \/>\n<meta property=\"og:url\" content=\"https:\/\/www.gosier-paris.fr\/fr\/reservation\/\" \/>\n<meta property=\"og:site_name\" content=\"GOSIER\" \/>\n<meta property=\"article:publisher\" content=\"https:\/\/www.facebook.com\/gosierparis\" \/>\n<meta property=\"article:modified_time\" content=\"2024-09-17T16:49:13+00:00\" \/>\n<meta name=\"twitter:card\" content=\"summary_large_image\" \/>\n<meta name=\"twitter:label1\" content=\"Dur\u00e9e de lecture estim\u00e9e\" \/>\n\t<meta name=\"twitter:data1\" content=\"1 minute\" \/>\n<script type=\"application\/ld+json\" class=\"yoast-schema-graph\">{\"@context\":\"https:\\\/\\\/schema.org\",\"@graph\":[{\"@type\":\"WebPage\",\"@id\":\"https:\\\/\\\/www.gosier-paris.fr\\\/reservation\\\/\",\"url\":\"https:\\\/\\\/www.gosier-paris.fr\\\/reservation\\\/\",\"name\":\"GOSIER - Demande de R\u00e9servation \\\/ Booking Table\",\"isPartOf\":{\"@id\":\"https:\\\/\\\/www.gosier-paris.fr\\\/fr\\\/#website\"},\"datePublished\":\"2020-03-26T17:33:27+00:00\",\"dateModified\":\"2024-09-17T16:49:13+00:00\",\"description\":\"Demande de r\u00e9servation. Choississez le moment id\u00e9al pour venir d\u00e9guster nos petits plats faits maison avec toujours des produits de saison.\",\"breadcrumb\":{\"@id\":\"https:\\\/\\\/www.gosier-paris.fr\\\/reservation\\\/#breadcrumb\"},\"inLanguage\":\"fr-FR\",\"potentialAction\":[{\"@type\":\"ReadAction\",\"target\":[\"https:\\\/\\\/www.gosier-paris.fr\\\/reservation\\\/\"]}]},{\"@type\":\"BreadcrumbList\",\"@id\":\"https:\\\/\\\/www.gosier-paris.fr\\\/reservation\\\/#breadcrumb\",\"itemListElement\":[{\"@type\":\"ListItem\",\"position\":1,\"name\":\"Accueil\",\"item\":\"https:\\\/\\\/www.gosier-paris.fr\\\/\"},{\"@type\":\"ListItem\",\"position\":2,\"name\":\"R\u00e9servation\"}]},{\"@type\":\"WebSite\",\"@id\":\"https:\\\/\\\/www.gosier-paris.fr\\\/fr\\\/#website\",\"url\":\"https:\\\/\\\/www.gosier-paris.fr\\\/fr\\\/\",\"name\":\"GOSIER\",\"description\":\"\",\"publisher\":{\"@id\":\"https:\\\/\\\/www.gosier-paris.fr\\\/fr\\\/#organization\"},\"potentialAction\":[{\"@type\":\"SearchAction\",\"target\":{\"@type\":\"EntryPoint\",\"urlTemplate\":\"https:\\\/\\\/www.gosier-paris.fr\\\/fr\\\/?s={search_term_string}\"},\"query-input\":{\"@type\":\"PropertyValueSpecification\",\"valueRequired\":true,\"valueName\":\"search_term_string\"}}],\"inLanguage\":\"fr-FR\"},{\"@type\":\"Organization\",\"@id\":\"https:\\\/\\\/www.gosier-paris.fr\\\/fr\\\/#organization\",\"name\":\"GOSIER\",\"url\":\"https:\\\/\\\/www.gosier-paris.fr\\\/fr\\\/\",\"logo\":{\"@type\":\"ImageObject\",\"inLanguage\":\"fr-FR\",\"@id\":\"https:\\\/\\\/www.gosier-paris.fr\\\/fr\\\/#\\\/schema\\\/logo\\\/image\\\/\",\"url\":\"https:\\\/\\\/www.gosier-paris.fr\\\/wp-content\\\/uploads\\\/2020\\\/04\\\/RESTAURANT-1.png\",\"contentUrl\":\"https:\\\/\\\/www.gosier-paris.fr\\\/wp-content\\\/uploads\\\/2020\\\/04\\\/RESTAURANT-1.png\",\"width\":1350,\"height\":650,\"caption\":\"GOSIER\"},\"image\":{\"@id\":\"https:\\\/\\\/www.gosier-paris.fr\\\/fr\\\/#\\\/schema\\\/logo\\\/image\\\/\"},\"sameAs\":[\"https:\\\/\\\/www.facebook.com\\\/gosierparis\",\"https:\\\/\\\/www.instagram.com\\\/gosier.paris\\\/\"]}]}<\/script>\n<!-- \/ Yoast SEO plugin. -->","yoast_head_json":{"title":"GOSIER - Demande de R\u00e9servation \/ Booking Table","description":"Demande de r\u00e9servation. Choississez le moment id\u00e9al pour venir d\u00e9guster nos petits plats faits maison avec toujours des produits de saison.","robots":{"index":"index","follow":"follow","max-snippet":"max-snippet:-1","max-image-preview":"max-image-preview:large","max-video-preview":"max-video-preview:-1"},"canonical":"https:\/\/www.gosier-paris.fr\/fr\/reservation\/","og_locale":"fr_FR","og_type":"article","og_title":"GOSIER - Demande de R\u00e9servation \/ Booking Table","og_description":"Demande de r\u00e9servation. Choississez le moment id\u00e9al pour venir d\u00e9guster nos petits plats faits maison avec toujours des produits de saison.","og_url":"https:\/\/www.gosier-paris.fr\/fr\/reservation\/","og_site_name":"GOSIER","article_publisher":"https:\/\/www.facebook.com\/gosierparis","article_modified_time":"2024-09-17T16:49:13+00:00","twitter_card":"summary_large_image","twitter_misc":{"Dur\u00e9e de lecture estim\u00e9e":"1 minute"},"schema":{"@context":"https:\/\/schema.org","@graph":[{"@type":"WebPage","@id":"https:\/\/www.gosier-paris.fr\/reservation\/","url":"https:\/\/www.gosier-paris.fr\/reservation\/","name":"GOSIER - Demande de R\u00e9servation \/ Booking Table","isPartOf":{"@id":"https:\/\/www.gosier-paris.fr\/fr\/#website"},"datePublished":"2020-03-26T17:33:27+00:00","dateModified":"2024-09-17T16:49:13+00:00","description":"Demande de r\u00e9servation. Choississez le moment id\u00e9al pour venir d\u00e9guster nos petits plats faits maison avec toujours des produits de saison.","breadcrumb":{"@id":"https:\/\/www.gosier-paris.fr\/reservation\/#breadcrumb"},"inLanguage":"fr-FR","potentialAction":[{"@type":"ReadAction","target":["https:\/\/www.gosier-paris.fr\/reservation\/"]}]},{"@type":"BreadcrumbList","@id":"https:\/\/www.gosier-paris.fr\/reservation\/#breadcrumb","itemListElement":[{"@type":"ListItem","position":1,"name":"Accueil","item":"https:\/\/www.gosier-paris.fr\/"},{"@type":"ListItem","position":2,"name":"R\u00e9servation"}]},{"@type":"WebSite","@id":"https:\/\/www.gosier-paris.fr\/fr\/#website","url":"https:\/\/www.gosier-paris.fr\/fr\/","name":"GOSIER","description":"","publisher":{"@id":"https:\/\/www.gosier-paris.fr\/fr\/#organization"},"potentialAction":[{"@type":"SearchAction","target":{"@type":"EntryPoint","urlTemplate":"https:\/\/www.gosier-paris.fr\/fr\/?s={search_term_string}"},"query-input":{"@type":"PropertyValueSpecification","valueRequired":true,"valueName":"search_term_string"}}],"inLanguage":"fr-FR"},{"@type":"Organization","@id":"https:\/\/www.gosier-paris.fr\/fr\/#organization","name":"GOSIER","url":"https:\/\/www.gosier-paris.fr\/fr\/","logo":{"@type":"ImageObject","inLanguage":"fr-FR","@id":"https:\/\/www.gosier-paris.fr\/fr\/#\/schema\/logo\/image\/","url":"https:\/\/www.gosier-paris.fr\/wp-content\/uploads\/2020\/04\/RESTAURANT-1.png","contentUrl":"https:\/\/www.gosier-paris.fr\/wp-content\/uploads\/2020\/04\/RESTAURANT-1.png","width":1350,"height":650,"caption":"GOSIER"},"image":{"@id":"https:\/\/www.gosier-paris.fr\/fr\/#\/schema\/logo\/image\/"},"sameAs":["https:\/\/www.facebook.com\/gosierparis","https:\/\/www.instagram.com\/gosier.paris\/"]}]}},"_links":{"self":[{"href":"https:\/\/www.gosier-paris.fr\/fr\/wp-json\/wp\/v2\/pages\/143","targetHints":{"allow":["GET"]}}],"collection":[{"href":"https:\/\/www.gosier-paris.fr\/fr\/wp-json\/wp\/v2\/pages"}],"about":[{"href":"https:\/\/www.gosier-paris.fr\/fr\/wp-json\/wp\/v2\/types\/page"}],"author":[{"embeddable":true,"href":"https:\/\/www.gosier-paris.fr\/fr\/wp-json\/wp\/v2\/users\/1"}],"replies":[{"embeddable":true,"href":"https:\/\/www.gosier-paris.fr\/fr\/wp-json\/wp\/v2\/comments?post=143"}],"version-history":[{"count":95,"href":"https:\/\/www.gosier-paris.fr\/fr\/wp-json\/wp\/v2\/pages\/143\/revisions"}],"predecessor-version":[{"id":15620,"href":"https:\/\/www.gosier-paris.fr\/fr\/wp-json\/wp\/v2\/pages\/143\/revisions\/15620"}],"wp:attachment":[{"href":"https:\/\/www.gosier-paris.fr\/fr\/wp-json\/wp\/v2\/media?parent=143"}],"curies":[{"name":"wp","href":"https:\/\/api.w.org\/{rel}","templated":true}]}}